{"id":2347,"date":"2022-03-09T10:01:21","date_gmt":"2022-03-09T09:01:21","guid":{"rendered":"https:\/\/weareable.ngo\/publicaties\/"},"modified":"2024-09-12T11:49:18","modified_gmt":"2024-09-12T09:49:18","slug":"publications","status":"publish","type":"page","link":"https:\/\/weareable.ngo\/fr\/publications\/","title":{"rendered":"Publications"},"content":{"rendered":"\n<div style=\"height:100px\" aria-hidden=\"true\" class=\"wp-block-spacer\"><\/div>\n\n\n\n<div class=\"wp-container-4 wp-block-columns\">\n<div class=\"wp-container-2 wp-block-column is-vertically-aligned-center\">\n<h2><strong><strong>Manuel de formation sur les droits fonciers inclusifs<\/strong><\/strong><\/h2>\n\n\n\n<p>Le mat\u00e9riel de formation pratique sur les droits fonciers inclusifs est maintenant disponible ! Le manuel de formation se compose de deux modules :<\/p>\n\n\n\n<ul><li>Le module 1 est une introduction g\u00e9n\u00e9rale qui fournit des connaissances de base sur les droits fonciers ;<\/li><li>Le module 2 se concentre sp\u00e9cifiquement sur les droits fonciers inclusifs, les barri\u00e8res pour les personnes handicap\u00e9es, et les strat\u00e9gies de lobbying et de plaidoyer pour des droits fonciers et une gouvernance fonci\u00e8re plus inclusifs.<\/li><\/ul>\n\n\n\n<p>Le manuel de formation s&rsquo;adresse aux publics suivants<\/p>\n\n\n\n<ul><li>Le personnel et les partenaires du projet WaA ! afin de se familiariser avec les droits fonciers inclusifs et d&rsquo;\u00eatre en mesure d&rsquo;animer eux-m\u00eames la formation.<\/li><li>Les OPD, les OSC, les facilitateurs de l&rsquo;inclusion des personnes handicap\u00e9es (DIF) et les ma\u00eetres formateurs pour les aider \u00e0 formuler des objectifs et des actions concrets de lobbying et de plaidoyer en faveur des droits fonciers inclusifs.<\/li><\/ul>\n\n\n\n<p>Le manuel de formation est accompagn\u00e9 d&rsquo;une pr\u00e9sentation PowerPoint, d&rsquo;exemples tir\u00e9s des six pays de WaA ! et est tr\u00e8s facile \u00e0 utiliser pour tout animateur de formation.<\/p>\n\n\n\n<div class=\"wp-container-1 wp-block-buttons\">\n<div class=\"wp-block-button\"><a class=\"wp-block-button__link\" href=\"https:\/\/weareable.ngo\/wp-content\/uploads\/2024\/09\/Training-manual-inclusive-land-rights-WaA-French.pdf\">T\u00e9l\u00e9charger le manuel de formation<\/a><\/div>\n<\/div>\n<\/div>\n\n\n\n<div class=\"wp-container-3 wp-block-column is-vertically-aligned-center\">\n<figure class=\"wp-block-image size-large\"><img loading=\"lazy\" width=\"1024\" height=\"683\" src=\"https:\/\/weareable.ngo\/wp-content\/uploads\/2024\/06\/172A6524-by-Mark-Williams-Wasswa-1024x683.jpg\" alt=\"\" class=\"wp-image-3370\" srcset=\"https:\/\/weareable.ngo\/wp-content\/uploads\/2024\/06\/172A6524-by-Mark-Williams-Wasswa-1024x683.jpg 1024w, https:\/\/weareable.ngo\/wp-content\/uploads\/2024\/06\/172A6524-by-Mark-Williams-Wasswa-300x200.jpg 300w, https:\/\/weareable.ngo\/wp-content\/uploads\/2024\/06\/172A6524-by-Mark-Williams-Wasswa-768x512.jpg 768w, https:\/\/weareable.ngo\/wp-content\/uploads\/2024\/06\/172A6524-by-Mark-Williams-Wasswa-1536x1024.jpg 1536w, https:\/\/weareable.ngo\/wp-content\/uploads\/2024\/06\/172A6524-by-Mark-Williams-Wasswa-2048x1365.jpg 2048w\" sizes=\"(max-width: 1024px) 100vw, 1024px\" \/><figcaption>Photo by McWilliams Wasswa<\/figcaption><\/figure>\n<\/div>\n<\/div>\n\n\n\n<div style=\"height:100px\" aria-hidden=\"true\" class=\"wp-block-spacer\"><\/div>\n\n\n\n<div class=\"wp-container-8 wp-block-columns\">\n<div class=\"wp-container-5 wp-block-column\">\n<figure class=\"wp-block-image size-large\"><img loading=\"lazy\" width=\"1024\" height=\"683\" src=\"https:\/\/weareable.ngo\/wp-content\/uploads\/2024\/04\/Uganda-Photos-by-McWilliams-Wasswa-DISABLED-FARMER-172A6145-1024x683.jpg\" alt=\"\" class=\"wp-image-3353\" srcset=\"https:\/\/weareable.ngo\/wp-content\/uploads\/2024\/04\/Uganda-Photos-by-McWilliams-Wasswa-DISABLED-FARMER-172A6145-1024x683.jpg 1024w, https:\/\/weareable.ngo\/wp-content\/uploads\/2024\/04\/Uganda-Photos-by-McWilliams-Wasswa-DISABLED-FARMER-172A6145-300x200.jpg 300w, https:\/\/weareable.ngo\/wp-content\/uploads\/2024\/04\/Uganda-Photos-by-McWilliams-Wasswa-DISABLED-FARMER-172A6145-768x512.jpg 768w, https:\/\/weareable.ngo\/wp-content\/uploads\/2024\/04\/Uganda-Photos-by-McWilliams-Wasswa-DISABLED-FARMER-172A6145-1536x1024.jpg 1536w, https:\/\/weareable.ngo\/wp-content\/uploads\/2024\/04\/Uganda-Photos-by-McWilliams-Wasswa-DISABLED-FARMER-172A6145-2048x1365.jpg 2048w\" sizes=\"(max-width: 1024px) 100vw, 1024px\" \/><figcaption>Paysan en Ouganda, photo de McWilliams Wasswa<\/figcaption><\/figure>\n<\/div>\n\n\n\n<div class=\"wp-container-7 wp-block-column is-vertically-aligned-center\">\n<h2><strong>Cinq Dossiers de Plaidoyer We are Able!<\/strong><\/h2>\n\n\n\n<p>Dans le cadre de l&rsquo;initiative We are Able!, nous avons rassembl\u00e9 plusieurs meilleures pratiques issues de nos nombreuses ann\u00e9es d&rsquo;exp\u00e9rience pour mettre en avant les mesures politiques et juridiques qui ont r\u00e9ussi \u00e0 progresser vers notre objectif : une s\u00e9curit\u00e9 alimentaire accrue pour les personnes en situation de handicap dans les six pays o\u00f9 nous travaillons. Ces cas offrent des recommandations plus pratiques, venant compl\u00e9ter les recommandations g\u00e9n\u00e9rales du document de position ci-dessous.&nbsp;<\/p>\n\n\n\n<p>Nous vous invitons \u00e0 d\u00e9couvrir nos approches et \u00e0 examiner comment les int\u00e9grer dans vos politiques en mati\u00e8re de s\u00e9curit\u00e9 alimentaire.&nbsp;<\/p>\n\n\n\n<div class=\"wp-container-6 wp-block-buttons\">\n<div class=\"wp-block-button\"><a class=\"wp-block-button__link\" href=\"https:\/\/weareable.ngo\/wp-content\/uploads\/2024\/06\/We-are-Able_Advocacy-Cases_2024-French.pdf\" target=\"_blank\" rel=\"noreferrer noopener\">WaA! Dossiers de plaidoyer&nbsp;<\/a><\/div>\n<\/div>\n<\/div>\n<\/div>\n\n\n\n<div style=\"height:60px\" aria-hidden=\"true\" class=\"wp-block-spacer\"><\/div>\n\n\n\n<div class=\"wp-container-12 wp-block-columns\">\n<div class=\"wp-container-10 wp-block-column is-vertically-aligned-center\">\n<h2><strong><strong><strong><strong>Rapport annuel 2022 &#8211; R\u00e9sum\u00e9<\/strong><\/strong><\/strong><\/strong><\/h2>\n\n\n\n<p>Qu&rsquo;avons-nous fait en 2022 ?&nbsp;Le consortium We are Able !&nbsp;(WaA !) s&rsquo;est engag\u00e9 dans de nombreuses activit\u00e9s essentielles en 2022 afin de promouvoir la s\u00e9curit\u00e9 alimentaire des personnes handicap\u00e9es et de garantir leur espace civique dans la prise de d\u00e9cision politique. Nous sommes heureux de partager les points forts de notre travail en 2022.<\/p>\n\n\n\n<p>Vous souhaitez en savoir plus ?<\/p>\n\n\n\n<div class=\"wp-container-9 wp-block-buttons\">\n<div class=\"wp-block-button\"><a class=\"wp-block-button__link\" href=\"https:\/\/weareable.ngo\/wp-content\/uploads\/2023\/07\/We-Are-Able_summary_annualreport2022.pdf\"><strong>Rapport annuel 2022 &#8211; R\u00e9sum\u00e9<\/strong><\/a><\/div>\n<\/div>\n<\/div>\n\n\n\n<div class=\"wp-container-11 wp-block-column\">\n<figure class=\"wp-block-image size-large\"><img loading=\"lazy\" width=\"683\" height=\"1024\" src=\"https:\/\/weareable.ngo\/wp-content\/uploads\/2023\/07\/Coverphoto-683x1024.jpg\" alt=\"\" class=\"wp-image-3131\" srcset=\"https:\/\/weareable.ngo\/wp-content\/uploads\/2023\/07\/Coverphoto-683x1024.jpg 683w, https:\/\/weareable.ngo\/wp-content\/uploads\/2023\/07\/Coverphoto-200x300.jpg 200w, https:\/\/weareable.ngo\/wp-content\/uploads\/2023\/07\/Coverphoto-768x1152.jpg 768w, https:\/\/weareable.ngo\/wp-content\/uploads\/2023\/07\/Coverphoto.jpg 800w\" sizes=\"(max-width: 683px) 100vw, 683px\" \/><\/figure>\n<\/div>\n<\/div>\n\n\n\n<div style=\"height:60px\" aria-hidden=\"true\" class=\"wp-block-spacer\"><\/div>\n\n\n\n<div class=\"wp-container-15 wp-block-columns\">\n<div class=\"wp-container-13 wp-block-column is-vertically-aligned-center\">\n<figure class=\"wp-block-image size-large\"><img loading=\"lazy\" width=\"1024\" height=\"682\" src=\"https:\/\/weareable.ngo\/wp-content\/uploads\/2023\/06\/DSC0741-1024x682.jpg\" alt=\"\" class=\"wp-image-3041\" srcset=\"https:\/\/weareable.ngo\/wp-content\/uploads\/2023\/06\/DSC0741-1024x682.jpg 1024w, https:\/\/weareable.ngo\/wp-content\/uploads\/2023\/06\/DSC0741-300x200.jpg 300w, https:\/\/weareable.ngo\/wp-content\/uploads\/2023\/06\/DSC0741-768x512.jpg 768w, https:\/\/weareable.ngo\/wp-content\/uploads\/2023\/06\/DSC0741-1536x1023.jpg 1536w, https:\/\/weareable.ngo\/wp-content\/uploads\/2023\/06\/DSC0741.jpg 1600w\" sizes=\"(max-width: 1024px) 100vw, 1024px\" \/><\/figure>\n<\/div>\n\n\n\n<div class=\"wp-container-14 wp-block-column is-vertically-aligned-center\">\n<h2><strong>Document de synth\u00e8se : Vers une s\u00e9curit\u00e9 alimentaire et des moyens de subsistance inclusive<\/strong><\/h2>\n\n\n\n<p>Le \u00ab\u00a0We are Able! Position Paper\u00a0\u00bb est une exploration des r\u00e9alit\u00e9s v\u00e9cues par les personnes handicap\u00e9es en Afrique de l&rsquo;Est et en Afrique centrale. Au niveau du consortium, nous nous penchons sur leurs d\u00e9fis quotidiens et examinons comment ces adversit\u00e9s ont un impact direct sur leur s\u00e9curit\u00e9 alimentaire et leurs moyens de subsistance, en nous appuyant sur les r\u00e9sultats obtenus au cours des deux derni\u00e8res ann\u00e9es et demie.<\/p>\n\n\n\n<p>Vous souhaitez en savoir plus?<\/p>\n\n\n\n<div class=\"wp-block-stackable-button-group stk-block-button-group stk-block stk-3184b1b\" data-block-id=\"3184b1b\"><div class=\"stk-row stk-inner-blocks stk-block-content stk-button-group\">\n<div class=\"wp-block-stackable-button stk-block-button stk-block stk-15eb16e\" data-block-id=\"15eb16e\"><a class=\"stk-link stk-button stk--hover-effect-darken\" href=\"https:\/\/weareable.ngo\/wp-content\/uploads\/2024\/03\/HR_ZOA_WaA-Position-Paper_Frans_A5_82400150-1.pdf\" target=\"_blank\" rel=\"noreferrer noopener\"><span class=\"stk-button__inner-text\">Lisez le WaA! Position Paper<\/span><\/a><\/div>\n<\/div><\/div>\n<\/div>\n<\/div>\n\n\n\n<div style=\"height:60px\" aria-hidden=\"true\" class=\"wp-block-spacer\"><\/div>\n\n\n\n<div class=\"wp-container-20 wp-block-columns\">\n<div class=\"wp-container-16 wp-block-column\" style=\"flex-basis:25%\"><\/div>\n\n\n\n<div class=\"wp-container-18 wp-block-column\" style=\"flex-basis:50%\">\n<h2><strong>Guide pour une communication inclusive du handicap<\/strong><\/h2>\n\n\n\n<p>\u201cLes communications jouent un r\u00f4le essentiel dans le changement des normes et le passage d\u2019un mod\u00e8le caritatif ou m\u00e9dical \u00e0 un mod\u00e8le social ou \u00e0 l\u2019approche fond\u00e9e sur les droits de l\u2019homme qui devrait guider toutes les communications.\u201d<\/p>\n\n\n\n<p>Le personnel du programme We are Able! consid\u00e8re que cette d\u00e9claration des Nations Unies est vraie.<\/p>\n\n\n\n<p>Nous aspirons \u00e0 une soci\u00e9t\u00e9 qui ne laisse personne de c\u00f4t\u00e9. Cette soci\u00e9t\u00e9 commence par la mani\u00e8re dont nous communiquons. C\u2019est pourquoi nous avons cr\u00e9\u00e9 ce document afin d\u2019aider toutes les personnes impliqu\u00e9es dans le programme We are Able! et ses partenaires \u00e0 communiquer de mani\u00e8re \u00e0 inclure les personnes vivant avec un handicap.<\/p>\n\n\n\n<p>Merci d\u2019appliquer ces directives!<\/p>\n\n\n\n<div class=\"wp-container-17 wp-block-buttons\">\n<div class=\"wp-block-button\"><a class=\"wp-block-button__link\" href=\"https:\/\/weareable.ngo\/wp-content\/uploads\/2022\/11\/ZOA_Communication-guidelines_aangepast_FR.pdf\" target=\"_blank\" rel=\"noreferrer noopener\">Guide pour une communication inclusive du handicap<\/a><\/div>\n\n\n\n<div class=\"wp-block-button\"><a class=\"wp-block-button__link\" href=\"https:\/\/weareable.ngo\/wp-content\/uploads\/2022\/09\/FR-Disability-Inclusive-Communication-Guidelines-We-are-Able-Summary.pdf\" target=\"_blank\" rel=\"noreferrer noopener\">Guide pour une communication inclusive du handicap \u2013 synthese<\/a><\/div>\n<\/div>\n<\/div>\n\n\n\n<div class=\"wp-container-19 wp-block-column\" style=\"flex-basis:25%\"><\/div>\n<\/div>\n\n\n\n<div style=\"height:30px\" aria-hidden=\"true\" class=\"wp-block-spacer\"><\/div>\n\n\n\n<div class=\"wp-container-26 wp-block-columns\">\n<div class=\"wp-container-25 wp-block-column\" style=\"flex-basis:100%\">\n<div class=\"wp-container-24 wp-block-columns\">\n<div class=\"wp-container-21 wp-block-column\">\n<figure class=\"wp-block-image size-full\"><img loading=\"lazy\" width=\"707\" height=\"1000\" src=\"https:\/\/weareable.ngo\/wp-content\/uploads\/2022\/07\/Cover_2021-Annual-Report-We-are-Able-Final1.jpg\" alt=\"\" class=\"wp-image-2600\" srcset=\"https:\/\/weareable.ngo\/wp-content\/uploads\/2022\/07\/Cover_2021-Annual-Report-We-are-Able-Final1.jpg 707w, https:\/\/weareable.ngo\/wp-content\/uploads\/2022\/07\/Cover_2021-Annual-Report-We-are-Able-Final1-212x300.jpg 212w\" sizes=\"(max-width: 707px) 100vw, 707px\" \/><\/figure>\n<\/div>\n\n\n\n<div class=\"wp-container-23 wp-block-column\">\n<h2><strong>Rapport annuel We are Able! 2021<\/strong><\/h2>\n\n\n\n<p>Qu&rsquo;avons-nous fait en 2021? Le 1er juin, We are Able! a pr\u00e9sent\u00e9 son premier rapport annuel \u00e0 notre donateur, le minist\u00e8re n\u00e9erlandais des affaires \u00e9trang\u00e8res. Bien que 2021 ne soit que la premi\u00e8re ann\u00e9e du WaA! consortium, nous sommes fiers de pr\u00e9senter les premiers r\u00e9sultats de nos travaux.<\/p>\n\n\n\n<div class=\"wp-container-22 wp-block-buttons\">\n<div class=\"wp-block-button\"><a class=\"wp-block-button__link\" href=\"https:\/\/weareable.ngo\/wp-content\/uploads\/2022\/09\/2021-FR-We-are-Able-Annual-Report.pdf\" target=\"_blank\" rel=\"noreferrer noopener\">Rapport annuel 2021<\/a><\/div>\n\n\n\n<div class=\"wp-block-button\"><a class=\"wp-block-button__link\" href=\"https:\/\/weareable.ngo\/wp-content\/uploads\/2022\/09\/2021-FR-We-are-Able-Annual-Report-Summary.pdf\" target=\"_blank\" rel=\"noreferrer noopener\">Rapport annuel 2021 \u2013 R\u00e9sum\u00e9<\/a><\/div>\n<\/div>\n<\/div>\n<\/div>\n<\/div>\n<\/div>\n\n\n\n<div style=\"height:30px\" aria-hidden=\"true\" class=\"wp-block-spacer\"><\/div>\n\n\n\n<p><\/p>\n","protected":false},"excerpt":{"rendered":"<p>Manuel de formation sur les droits fonciers inclusifs Le mat\u00e9riel de formation pratique sur les droits fonciers inclusifs est maintenant disponible ! Le manuel de formation se compose de deux modules : Le module 1 est une introduction g\u00e9n\u00e9rale qui fournit des connaissances de base sur les droits fonciers ; Le module 2 se concentre sp\u00e9cifiquement sur les droits fonciers inclusifs, les barri\u00e8res pour les personnes handicap\u00e9es, et les strat\u00e9gies de lobbying et de plaidoyer pour des droits fonciers et une gouvernance fonci\u00e8re plus inclusifs. Le manuel de formation s&rsquo;adresse aux publics suivants Le personnel et les partenaires du projet\u2026<\/p>\n","protected":false},"author":2,"featured_media":0,"parent":0,"menu_order":0,"comment_status":"closed","ping_status":"closed","template":"","meta":[],"blocksy_meta":{"styles_descriptor":{"styles":{"desktop":"","tablet":"","mobile":""},"google_fonts":[],"version":5}},"acf":[],"featured_image_urls":{"full":"","thumbnail":"","medium":"","medium_large":"","large":"","1536x1536":"","2048x2048":""},"post_excerpt_stackable":"<p>Manuel de formation sur les droits fonciers inclusifs Le mat\u00e9riel de formation pratique sur les droits fonciers inclusifs est maintenant disponible ! Le manuel de formation se compose de deux modules : Le module 1 est une introduction g\u00e9n\u00e9rale qui fournit des connaissances de base sur les droits fonciers ;Le module 2 se concentre sp\u00e9cifiquement sur les droits fonciers inclusifs, les barri\u00e8res pour les personnes handicap\u00e9es, et les strat\u00e9gies de lobbying et de plaidoyer pour des droits fonciers et une gouvernance fonci\u00e8re plus inclusifs. Le manuel de formation s&rsquo;adresse aux publics suivants Le personnel et les partenaires du projet WaA\u2026<\/p>\n","category_list":"","author_info":{"name":"spikker","url":"https:\/\/weareable.ngo\/fr\/author\/spikker\/"},"comments_num":"0 commentaire","featured_image_urls_v2":{"full":"","thumbnail":"","medium":"","medium_large":"","large":"","1536x1536":"","2048x2048":""},"post_excerpt_stackable_v2":"<p>Manuel de formation sur les droits fonciers inclusifs Le mat\u00e9riel de formation pratique sur les droits fonciers inclusifs est maintenant disponible ! Le manuel de formation se compose de deux modules : Le module 1 est une introduction g\u00e9n\u00e9rale qui fournit des connaissances de base sur les droits fonciers ;Le module 2 se concentre sp\u00e9cifiquement sur les droits fonciers inclusifs, les barri\u00e8res pour les personnes handicap\u00e9es, et les strat\u00e9gies de lobbying et de plaidoyer pour des droits fonciers et une gouvernance fonci\u00e8re plus inclusifs. Le manuel de formation s&rsquo;adresse aux publics suivants Le personnel et les partenaires du projet WaA\u2026<\/p>\n","category_list_v2":"","author_info_v2":{"name":"spikker","url":"https:\/\/weareable.ngo\/fr\/author\/spikker\/"},"comments_num_v2":"0 commentaire","yoast_head":"<!-- This site is optimized with the Yoast SEO plugin v19.1 - https:\/\/yoast.com\/wordpress\/plugins\/seo\/ -->\n<title>Publications - We are able<\/title>\n<meta name=\"robots\" content=\"index, follow, max-snippet:-1, max-image-preview:large, max-video-preview:-1\" \/>\n<link rel=\"canonical\" href=\"https:\/\/weareable.ngo\/fr\/publications\/\" \/>\n<meta property=\"og:locale\" content=\"fr_FR\" \/>\n<meta property=\"og:type\" content=\"article\" \/>\n<meta property=\"og:title\" content=\"Publications - We are able\" \/>\n<meta property=\"og:description\" content=\"Manuel de formation sur les droits fonciers inclusifs Le mat\u00e9riel de formation pratique sur les droits fonciers inclusifs est maintenant disponible ! Le manuel de formation se compose de deux modules : Le module 1 est une introduction g\u00e9n\u00e9rale qui fournit des connaissances de base sur les droits fonciers ; Le module 2 se concentre sp\u00e9cifiquement sur les droits fonciers inclusifs, les barri\u00e8res pour les personnes handicap\u00e9es, et les strat\u00e9gies de lobbying et de plaidoyer pour des droits fonciers et une gouvernance fonci\u00e8re plus inclusifs. Le manuel de formation s&rsquo;adresse aux publics suivants Le personnel et les partenaires du projet\u2026\" \/>\n<meta property=\"og:url\" content=\"https:\/\/weareable.ngo\/fr\/publications\/\" \/>\n<meta property=\"og:site_name\" content=\"We are able\" \/>\n<meta property=\"article:modified_time\" content=\"2024-09-12T09:49:18+00:00\" \/>\n<meta property=\"og:image\" content=\"https:\/\/weareable.ngo\/wp-content\/uploads\/2024\/06\/172A6524-by-Mark-Williams-Wasswa-1024x683.jpg\" \/>\n<meta name=\"twitter:card\" content=\"summary_large_image\" \/>\n<meta name=\"twitter:label1\" content=\"Dur\u00e9e de lecture estim\u00e9e\" \/>\n\t<meta name=\"twitter:data1\" content=\"5 minutes\" \/>\n<script type=\"application\/ld+json\" class=\"yoast-schema-graph\">{\"@context\":\"https:\/\/schema.org\",\"@graph\":[{\"@type\":\"WebSite\",\"@id\":\"https:\/\/weareable.ngo\/#website\",\"url\":\"https:\/\/weareable.ngo\/\",\"name\":\"We are able\",\"description\":\"\",\"potentialAction\":[{\"@type\":\"SearchAction\",\"target\":{\"@type\":\"EntryPoint\",\"urlTemplate\":\"https:\/\/weareable.ngo\/?s={search_term_string}\"},\"query-input\":\"required name=search_term_string\"}],\"inLanguage\":\"fr-FR\"},{\"@type\":\"ImageObject\",\"inLanguage\":\"fr-FR\",\"@id\":\"https:\/\/weareable.ngo\/fr\/publications\/#primaryimage\",\"url\":\"https:\/\/weareable.ngo\/wp-content\/uploads\/2024\/06\/172A6524-by-Mark-Williams-Wasswa-scaled.jpg\",\"contentUrl\":\"https:\/\/weareable.ngo\/wp-content\/uploads\/2024\/06\/172A6524-by-Mark-Williams-Wasswa-scaled.jpg\",\"width\":2560,\"height\":1707},{\"@type\":\"WebPage\",\"@id\":\"https:\/\/weareable.ngo\/fr\/publications\/#webpage\",\"url\":\"https:\/\/weareable.ngo\/fr\/publications\/\",\"name\":\"Publications - We are able\",\"isPartOf\":{\"@id\":\"https:\/\/weareable.ngo\/#website\"},\"primaryImageOfPage\":{\"@id\":\"https:\/\/weareable.ngo\/fr\/publications\/#primaryimage\"},\"datePublished\":\"2022-03-09T09:01:21+00:00\",\"dateModified\":\"2024-09-12T09:49:18+00:00\",\"breadcrumb\":{\"@id\":\"https:\/\/weareable.ngo\/fr\/publications\/#breadcrumb\"},\"inLanguage\":\"fr-FR\",\"potentialAction\":[{\"@type\":\"ReadAction\",\"target\":[\"https:\/\/weareable.ngo\/fr\/publications\/\"]}]},{\"@type\":\"BreadcrumbList\",\"@id\":\"https:\/\/weareable.ngo\/fr\/publications\/#breadcrumb\",\"itemListElement\":[{\"@type\":\"ListItem\",\"position\":1,\"name\":\"Home\",\"item\":\"https:\/\/weareable.ngo\/fr\/\"},{\"@type\":\"ListItem\",\"position\":2,\"name\":\"Publications\"}]}]}<\/script>\n<!-- \/ Yoast SEO plugin. -->","yoast_head_json":{"title":"Publications - We are able","robots":{"index":"index","follow":"follow","max-snippet":"max-snippet:-1","max-image-preview":"max-image-preview:large","max-video-preview":"max-video-preview:-1"},"canonical":"https:\/\/weareable.ngo\/fr\/publications\/","og_locale":"fr_FR","og_type":"article","og_title":"Publications - We are able","og_description":"Manuel de formation sur les droits fonciers inclusifs Le mat\u00e9riel de formation pratique sur les droits fonciers inclusifs est maintenant disponible ! Le manuel de formation se compose de deux modules : Le module 1 est une introduction g\u00e9n\u00e9rale qui fournit des connaissances de base sur les droits fonciers ; Le module 2 se concentre sp\u00e9cifiquement sur les droits fonciers inclusifs, les barri\u00e8res pour les personnes handicap\u00e9es, et les strat\u00e9gies de lobbying et de plaidoyer pour des droits fonciers et une gouvernance fonci\u00e8re plus inclusifs. Le manuel de formation s&rsquo;adresse aux publics suivants Le personnel et les partenaires du projet\u2026","og_url":"https:\/\/weareable.ngo\/fr\/publications\/","og_site_name":"We are able","article_modified_time":"2024-09-12T09:49:18+00:00","og_image":[{"url":"https:\/\/weareable.ngo\/wp-content\/uploads\/2024\/06\/172A6524-by-Mark-Williams-Wasswa-1024x683.jpg"}],"twitter_card":"summary_large_image","twitter_misc":{"Dur\u00e9e de lecture estim\u00e9e":"5 minutes"},"schema":{"@context":"https:\/\/schema.org","@graph":[{"@type":"WebSite","@id":"https:\/\/weareable.ngo\/#website","url":"https:\/\/weareable.ngo\/","name":"We are able","description":"","potentialAction":[{"@type":"SearchAction","target":{"@type":"EntryPoint","urlTemplate":"https:\/\/weareable.ngo\/?s={search_term_string}"},"query-input":"required name=search_term_string"}],"inLanguage":"fr-FR"},{"@type":"ImageObject","inLanguage":"fr-FR","@id":"https:\/\/weareable.ngo\/fr\/publications\/#primaryimage","url":"https:\/\/weareable.ngo\/wp-content\/uploads\/2024\/06\/172A6524-by-Mark-Williams-Wasswa-scaled.jpg","contentUrl":"https:\/\/weareable.ngo\/wp-content\/uploads\/2024\/06\/172A6524-by-Mark-Williams-Wasswa-scaled.jpg","width":2560,"height":1707},{"@type":"WebPage","@id":"https:\/\/weareable.ngo\/fr\/publications\/#webpage","url":"https:\/\/weareable.ngo\/fr\/publications\/","name":"Publications - We are able","isPartOf":{"@id":"https:\/\/weareable.ngo\/#website"},"primaryImageOfPage":{"@id":"https:\/\/weareable.ngo\/fr\/publications\/#primaryimage"},"datePublished":"2022-03-09T09:01:21+00:00","dateModified":"2024-09-12T09:49:18+00:00","breadcrumb":{"@id":"https:\/\/weareable.ngo\/fr\/publications\/#breadcrumb"},"inLanguage":"fr-FR","potentialAction":[{"@type":"ReadAction","target":["https:\/\/weareable.ngo\/fr\/publications\/"]}]},{"@type":"BreadcrumbList","@id":"https:\/\/weareable.ngo\/fr\/publications\/#breadcrumb","itemListElement":[{"@type":"ListItem","position":1,"name":"Home","item":"https:\/\/weareable.ngo\/fr\/"},{"@type":"ListItem","position":2,"name":"Publications"}]}]}},"_links":{"self":[{"href":"https:\/\/weareable.ngo\/fr\/wp-json\/wp\/v2\/pages\/2347"}],"collection":[{"href":"https:\/\/weareable.ngo\/fr\/wp-json\/wp\/v2\/pages"}],"about":[{"href":"https:\/\/weareable.ngo\/fr\/wp-json\/wp\/v2\/types\/page"}],"author":[{"embeddable":true,"href":"https:\/\/weareable.ngo\/fr\/wp-json\/wp\/v2\/users\/2"}],"replies":[{"embeddable":true,"href":"https:\/\/weareable.ngo\/fr\/wp-json\/wp\/v2\/comments?post=2347"}],"version-history":[{"count":27,"href":"https:\/\/weareable.ngo\/fr\/wp-json\/wp\/v2\/pages\/2347\/revisions"}],"predecessor-version":[{"id":3533,"href":"https:\/\/weareable.ngo\/fr\/wp-json\/wp\/v2\/pages\/2347\/revisions\/3533"}],"wp:attachment":[{"href":"https:\/\/weareable.ngo\/fr\/wp-json\/wp\/v2\/media?parent=2347"}],"curies":[{"name":"wp","href":"https:\/\/api.w.org\/{rel}","templated":true}]}}