{"id":1973,"date":"2021-03-31T13:07:45","date_gmt":"2021-03-31T13:07:45","guid":{"rendered":"https:\/\/weareable.ngo\/projecten\/"},"modified":"2022-05-24T12:00:08","modified_gmt":"2022-05-24T10:00:08","slug":"temoignages","status":"publish","type":"page","link":"https:\/\/weareable.ngo\/fr\/temoignages\/","title":{"rendered":"Temoignages"},"content":{"rendered":"\n<div class=\"alignfull wp-block-ugb-columns ugb-columns ugb-c3b8e23 ugb-columns--design-plain ugb-columns--columns-2 ugb-main-block ugb-main-block--inner-center ugb--has-block-background ugb--has-background-overlay\"><style>.ugb-c3b8e23 > .ugb-inner-block > .ugb-block-content > .ugb-columns__item{grid-template-columns:0.80fr 1.20fr !important}.ugb-c3b8e23.ugb-columns{background-color:var(--paletteColor5,#f5f4f5)}.ugb-c3b8e23.ugb-columns:before{background-image:linear-gradient(90deg,var(--paletteColor5,#f5f4f5) 35%,#ffffff 35%);mix-blend-mode:unset}@media screen and (min-width:768px) and (max-width:1025px){.ugb-c3b8e23.ugb-columns{padding-top:20px !important;padding-right:30px !important;padding-bottom:20px !important;padding-left:30px !important}}@media screen and (max-width:768px){.ugb-c3b8e23.ugb-columns{padding-top:30px !important;padding-right:18px !important;padding-bottom:10px !important;padding-left:18px !important}}<\/style><div class=\"ugb-inner-block ugb-inner-block--center\"><div class=\"ugb-block-content\"><div class=\"ugb-columns__item ugb-c3b8e23-content-wrapper\">\n<div class=\"wp-block-ugb-column ugb-column ugb-0f3d2bf ugb-column--design-basic ugb-main-block\"><style>.ugb-0f3d2bf-column-wrapper{border-radius:0px !important;background-image:url(https:\/\/weareable.ngo\/wp-content\/uploads\/2021\/07\/Josiane.genezen.van_.lepra_-scaled.jpg)}.ugb-0f3d2bf-column-wrapper:before{opacity:0.5}.ugb-0f3d2bf.ugb-column{min-height:350px}@media screen and (-ms-high-contrast:active),screen and (-ms-high-contrast:none){.ugb-0f3d2bf.ugb-column{height:350px}}@media screen and (min-width:768px){.ugb-0f3d2bf > .ugb-inner-block > .ugb-block-content > *{padding-top:0px !important;padding-bottom:0px !important;padding-right:0px !important;padding-left:0px !important}}<\/style><div class=\"ugb-inner-block\"><div class=\"ugb-block-content\"><div class=\"ugb-column__item ugb-0f3d2bf-column-wrapper ugb--has-background-overlay\"><div class=\"ugb-column__content-wrapper\"><\/div><\/div><\/div><\/div><\/div>\n\n\n\n<div class=\"wp-block-ugb-column ugb-column ugb-ca6bcc2 ugb-column--design-plain ugb-main-block\"><style>@media screen and (min-width:768px){.ugb-ca6bcc2 > .ugb-inner-block > .ugb-block-content > *{padding-top:30px !important;padding-bottom:30px !important;padding-left:75px !important}}@media screen and (min-width:768px) and (max-width:1025px){.ugb-ca6bcc2 > .ugb-inner-block > .ugb-block-content > *{padding-top:0px !important;padding-right:0px !important;padding-bottom:0px !important;padding-left:0px !important}}<\/style><div class=\"ugb-inner-block\"><div class=\"ugb-block-content\"><div class=\"ugb-column__item ugb-ca6bcc2-column-wrapper\"><div class=\"ugb-column__content-wrapper\">\n<div class=\"wp-block-ugb-heading ugb-heading ugb-ba2a992 ugb-main-block\"><style>.ugb-ba2a992 .ugb-heading__title{text-transform:none !important;text-align:left;margin-bottom:15px !important}.ugb-ba2a992 .ugb-heading__bottom-line{background-color:var(--paletteColor4,#27a484) !important;height:2px !important;width:138px !important;margin-left:0 !important;margin-right:auto !important}.ugb-ba2a992 .ugb-inner-block{text-align:left}<\/style><div class=\"ugb-inner-block\"><div class=\"ugb-block-content\"><h1 class=\"ugb-heading__title\">T\u00e9moignages<\/h1><div class=\"ugb-heading__bottom-line\"><\/div><\/div><\/div><\/div>\n\n\n\n<div class=\"wp-block-ugb-text ugb-text ugb-60d4803 ugb-text--design-plain ugb-text--columns-1 ugb-main-block\"><style>.ugb-60d4803 .ugb-text__text{margin-bottom:0px !important}@media screen and (min-width:768px){.ugb-60d4803.ugb-text{margin-top:0px !important;margin-bottom:10px !important;margin-left:0px !important}}@media screen and (max-width:768px){.ugb-60d4803.ugb-text{margin-right:0px !important;margin-left:0px !important;margin-top:0px !important;margin-bottom:0px !important;padding-bottom:0px !important}}<\/style><div class=\"ugb-inner-block\"><div class=\"ugb-block-content\"><div class=\"ugb-text__text-wrapper\"><div class=\"ugb-text__text\"><p class=\"ugb-text__text-1\">We are Able! op\u00e8re en RD Congo, en Ethiopie, au Burundi, au Sud Soudan, au Soudan et en Ouganda. Lisez les t\u00e9moignages de personnes vivant avec handicap qui ont obtenu de l&rsquo;aide et la possibilit\u00e9 de montrer qu&rsquo;elles sont des membres pr\u00e9cieux et essentiels de leur communaut\u00e9.<\/p><\/div><\/div><\/div><\/div><\/div>\n<\/div><\/div><\/div><\/div><\/div>\n<\/div><\/div><\/div><\/div>\n\n\n\n<div class=\"alignfull wp-block-ugb-container ugb-container breadcrumbs-page ugb-57c4d37 ugb-container--v2 ugb-container--design-basic ugb-main-block ugb-main-block--inner-center ugb--has-block-background\"><style>.ugb-57c4d37-wrapper.ugb-container__wrapper{border-radius:0px !important;background-color:rgba(255,255,255,0) !important}.ugb-57c4d37.ugb-container{background-color:rgba(,,,0)}.ugb-57c4d37{padding:0 !important}.ugb-57c4d37.ugb-container:before{background-color:var(--paletteColor5,#ffffff)}@media screen and (min-width:768px){.ugb-57c4d37-content-wrapper.ugb-container__content-wrapper{width:100% !important}.ugb-57c4d37.ugb-container{margin-top:0px !important;margin-bottom:0px !important;padding-top:30px !important;padding-right:35px !important;padding-bottom:0px !important;padding-left:35px !important}}@media screen and (min-width:768px) and (max-width:1025px){.ugb-57c4d37-content-wrapper.ugb-container__content-wrapper{width:100% !important}.ugb-57c4d37.ugb-container{margin-top:30px !important}}@media screen and (max-width:768px){.ugb-57c4d37-content-wrapper.ugb-container__content-wrapper{width:100% !important}.ugb-57c4d37.ugb-container{margin-top:30px !important}}@media screen and (min-width:768px){.ugb-57c4d37 > .ugb-inner-block > .ugb-block-content > *{padding-top:0px !important;padding-bottom:0px !important;padding-right:0px !important;padding-left:0px !important}}@media screen and (min-width:768px) and (max-width:1025px){.ugb-57c4d37 > .ugb-inner-block > .ugb-block-content > *{padding-top:0px !important;padding-right:0px !important;padding-bottom:0px !important;padding-left:0px !important}}@media screen and (max-width:768px){.ugb-57c4d37 > .ugb-inner-block > .ugb-block-content > *{padding-top:0px !important;padding-right:0px !important;padding-bottom:0px !important;padding-left:0px !important}}<\/style><div class=\"ugb-inner-block ugb-inner-block--center\"><div class=\"ugb-block-content\"><div class=\"ugb-container__wrapper ugb-57c4d37-wrapper ugb--shadow-0\"><div class=\"ugb-container__side\"><div class=\"ugb-container__content-wrapper ugb-57c4d37-content-wrapper\"><span><span><a href=\"https:\/\/weareable.ngo\/fr\/\">Home<\/a><\/span>\n\n\n\n<p><\/p>\n<\/div><\/div><\/div><\/div><\/div><\/div>\n\n\n\n<div class=\"aligncenter wp-block-ugb-container ugb-container ugb-ba96cca ugb-container--v2 ugb-container--design-basic ugb-main-block\"><style>.ugb-ba96cca-wrapper.ugb-container__wrapper{border-radius:0px !important;background-color:rgba(255,255,255,0) !important}@media screen and (min-width:768px){.ugb-ba96cca.ugb-container{margin-top:0px !important;margin-bottom:100px !important;padding-top:80px !important;padding-right:0px !important;padding-bottom:0px !important;padding-left:0px !important}}@media screen and (max-width:768px){.ugb-ba96cca.ugb-container{padding-top:40px !important;padding-right:0px !important;padding-bottom:0px !important;padding-left:0px !important}}@media screen and (min-width:768px){.ugb-ba96cca > .ugb-inner-block > .ugb-block-content > *{padding-top:0px !important;padding-bottom:0px !important;padding-right:0px !important;padding-left:0px !important}}@media screen and (max-width:768px){.ugb-ba96cca > .ugb-inner-block > .ugb-block-content > *{padding-top:30px !important;padding-right:0px !important;padding-bottom:30px !important;padding-left:0px !important}}<\/style><div class=\"ugb-inner-block\"><div class=\"ugb-block-content\"><div class=\"ugb-container__wrapper ugb-ba96cca-wrapper ugb--shadow-0\"><div class=\"ugb-container__side\"><div class=\"ugb-container__content-wrapper ugb-ba96cca-content-wrapper\">\n<div class=\"wp-block-ugb-blog-posts ugb-blog-posts responsive-custom-alignment ugb-abc8f1a ugb-blog-posts--v2 ugb-blog-posts--design-portfolio ugb-blog-posts--columns-3 ugb-main-block\" data-load-items=\"\" data-id=\"ugb-abc8f1a\"><style>.ugb-abc8f1a .ugb-blog-posts__title a{color:#ffffff !important}.ugb-abc8f1a .ugb-blog-posts__title a:hover{opacity:0.8}.ugb-abc8f1a .ugb-blog-posts__title{font-size:24px !important;text-transform:none !important;text-align:left !important;margin-bottom:10px !important}.ugb-abc8f1a .ugb-blog-posts__excerpt{text-align:left !important;margin-bottom:0px !important}.ugb-abc8f1a .ugb-blog-posts__item{border-radius:12px !important;background-image:linear-gradient(180deg,rgba(255,255,255,0) 0%,rgba(255,255,255,0) 100%) !important}.ugb-abc8f1a .ugb-blog-posts__load-more-button .ugb-button .ugb-button--inner{font-size:16px !important}.ugb-abc8f1a .ugb-blog-posts__load-more-button .ugb-button{background-color:var(--paletteColor1,#f25579);padding-top:12px;padding-right:43px;padding-bottom:12px;padding-left:43px;border-radius:12px !important}.ugb-abc8f1a .ugb-blog-posts__load-more-button .ugb-button .ugb-button--inner,.ugb-abc8f1a .ugb-blog-posts__load-more-button .ugb-button svg:not(.ugb-custom-icon){color:#ffffff !important}.ugb-abc8f1a .ugb-blog-posts__load-more-button .ugb-button:before{border-radius:12px !important}.ugb-abc8f1a .ugb-blog-posts__load-more-button{margin-top:0px !important}@media screen and (min-width:768px){.ugb-abc8f1a.ugb-blog-posts{margin-bottom:0px !important;padding-top:0px !important;padding-bottom:0px !important}}@media screen and (min-width:768px){.ugb-abc8f1a > .ugb-inner-block > .ugb-block-content > *{padding-bottom:15px !important;padding-right:35px !important;padding-left:35px !important}}<\/style><div class=\"ugb-inner-block\"><div class=\"ugb-block-content\"><article class=\"ugb-blog-posts__item ugb--shadow-3\"><div class=\"ugb-blog-posts__featured-image-background\" style=\"background-image: url(https:\/\/weareable.ngo\/wp-content\/uploads\/2024\/02\/Barabara-WaA-1-1024x768.jpg)\"><\/div><div class=\"ugb-blog-posts__content\"><h2 class=\"ugb-blog-posts__title\"><a href=\"https:\/\/weareable.ngo\/fr\/projecten\/nu-bewerk-ik-mijn-eigen-veld-zonder-enige-belemmering-en-ik-voel-me-geaccepteerd-door-mijn-gemeenschap\/\">&lsquo;R\u00e9tablir mes droits fonciers.&rsquo;<\/a><\/h2><div class=\"ugb-blog-posts__excerpt\"><p>&lsquo;Aujourd&rsquo;hui, je cultive mon propre champ sans aucune entrave, me&#8230;<\/div><\/div><\/article><article class=\"ugb-blog-posts__item ugb--shadow-3\"><div class=\"ugb-blog-posts__featured-image-background\" style=\"background-image: url(https:\/\/weareable.ngo\/wp-content\/uploads\/2022\/07\/Uganda-2-1024x768.jpg)\"><\/div><div class=\"ugb-blog-posts__content\"><h2 class=\"ugb-blog-posts__title\"><a href=\"https:\/\/weareable.ngo\/fr\/projecten\/2632-2\/\">We Are Able! Ouganda &#8211; une r\u00e9vision par Muzamil Alli<\/a><\/h2><div class=\"ugb-blog-posts__excerpt\"><p>Muzamil Alli travaille pour le programme We are Able! en&#8230;<\/div><\/div><\/article><article class=\"ugb-blog-posts__item ugb--shadow-3\"><div class=\"ugb-blog-posts__featured-image-background\" style=\"background-image: url(https:\/\/weareable.ngo\/wp-content\/uploads\/2022\/07\/Agnes-1-1024x678.jpg)\"><\/div><div class=\"ugb-blog-posts__content\"><h2 class=\"ugb-blog-posts__title\"><a href=\"https:\/\/weareable.ngo\/fr\/projecten\/un-entretien-avec-agnes-sensibilisatrice-pour-we-are-able-en-republique-democratique-du-congo\/\">Un entretien avec Agn\u00e8s, sensibilisatrice pour We are Able! en R\u00e9publique D\u00e9mocratique du Congo\u00a0<\/a><\/h2><div class=\"ugb-blog-posts__excerpt\"><p>Agn\u00e8s travaille comme sensibilisatrice dans le projet WaA! en RD&#8230;<\/div><\/div><\/article><div class=\"ugb-button-container ugb-blog-posts__load-more-button\"><a class=\"ugb-button ugb-button--size-normal\" href=\"#0\" rel=\"\" title=\"\" role=\"button\"><span class=\"ugb-button--inner\">Lire plus<\/span><\/a><\/div><\/div><\/div><\/div>\n\n\n\n<p><\/p>\n<\/div><\/div><\/div><\/div><\/div><\/div>\n","protected":false},"excerpt":{"rendered":"<p>T\u00e9moignages We are Able! op\u00e8re en RD Congo, en Ethiopie, au Burundi, au Sud Soudan, au Soudan et en Ouganda. Lisez les t\u00e9moignages de personnes vivant avec handicap qui ont obtenu de l&rsquo;aide et la possibilit\u00e9 de montrer qu&rsquo;elles sont des membres pr\u00e9cieux et essentiels de leur communaut\u00e9. &lsquo;R\u00e9tablir mes droits fonciers.&rsquo; &lsquo;Aujourd&rsquo;hui, je cultive mon propre champ sans aucune entrave, me&#8230; We Are Able! Ouganda &#8211; une r\u00e9vision par Muzamil Alli Muzamil Alli travaille pour le programme We are Able! en&#8230; Un entretien avec Agn\u00e8s, sensibilisatrice pour We are Able! en R\u00e9publique D\u00e9mocratique du Congo\u00a0 Agn\u00e8s travaille comme sensibilisatrice\u2026<\/p>\n","protected":false},"author":2,"featured_media":0,"parent":0,"menu_order":0,"comment_status":"closed","ping_status":"closed","template":"","meta":[],"blocksy_meta":{"styles_descriptor":{"styles":{"desktop":"","tablet":"","mobile":""},"google_fonts":[],"version":5}},"acf":[],"featured_image_urls":{"full":"","thumbnail":"","medium":"","medium_large":"","large":"","1536x1536":"","2048x2048":""},"post_excerpt_stackable":"<p>T\u00e9moignages We are Able! op\u00e8re en RD Congo, en Ethiopie, au Burundi, au Sud Soudan, au Soudan et en Ouganda. Lisez les t\u00e9moignages de personnes vivant avec handicap qui ont obtenu de l&rsquo;aide et la possibilit\u00e9 de montrer qu&rsquo;elles sont des membres pr\u00e9cieux et essentiels de leur communaut\u00e9. Home &lsquo;R\u00e9tablir mes droits fonciers.&rsquo;&lsquo;Aujourd&rsquo;hui, je cultive mon propre champ sans aucune entrave, me&#8230;We Are Able! Ouganda &#8211; une r\u00e9vision par Muzamil AlliMuzamil Alli travaille pour le programme We are Able! en&#8230;Un entretien avec Agn\u00e8s, sensibilisatrice pour We are Able! en R\u00e9publique D\u00e9mocratique du Congo\u00a0Agn\u00e8s travaille comme sensibilisatrice dans le projet WaA!\u2026<\/p>\n","category_list":"","author_info":{"name":"spikker","url":"https:\/\/weareable.ngo\/fr\/author\/spikker\/"},"comments_num":"0 commentaire","featured_image_urls_v2":{"full":"","thumbnail":"","medium":"","medium_large":"","large":"","1536x1536":"","2048x2048":""},"post_excerpt_stackable_v2":"<p>T\u00e9moignages We are Able! op\u00e8re en RD Congo, en Ethiopie, au Burundi, au Sud Soudan, au Soudan et en Ouganda. Lisez les t\u00e9moignages de personnes vivant avec handicap qui ont obtenu de l&rsquo;aide et la possibilit\u00e9 de montrer qu&rsquo;elles sont des membres pr\u00e9cieux et essentiels de leur communaut\u00e9. Home &lsquo;R\u00e9tablir mes droits fonciers.&rsquo;&lsquo;Aujourd&rsquo;hui, je cultive mon propre champ sans aucune entrave, me&#8230;We Are Able! Ouganda &#8211; une r\u00e9vision par Muzamil AlliMuzamil Alli travaille pour le programme We are Able! en&#8230;Un entretien avec Agn\u00e8s, sensibilisatrice pour We are Able! en R\u00e9publique D\u00e9mocratique du Congo\u00a0Agn\u00e8s travaille comme sensibilisatrice dans le projet WaA!\u2026<\/p>\n","category_list_v2":"","author_info_v2":{"name":"spikker","url":"https:\/\/weareable.ngo\/fr\/author\/spikker\/"},"comments_num_v2":"0 commentaire","yoast_head":"<!-- This site is optimized with the Yoast SEO plugin v19.1 - https:\/\/yoast.com\/wordpress\/plugins\/seo\/ -->\n<title>Temoignages - We are able<\/title>\n<meta name=\"robots\" content=\"index, follow, max-snippet:-1, max-image-preview:large, max-video-preview:-1\" \/>\n<link rel=\"canonical\" href=\"https:\/\/weareable.ngo\/fr\/temoignages\/\" \/>\n<meta property=\"og:locale\" content=\"fr_FR\" \/>\n<meta property=\"og:type\" content=\"article\" \/>\n<meta property=\"og:title\" content=\"Temoignages - We are able\" \/>\n<meta property=\"og:description\" content=\"T\u00e9moignages We are Able! op\u00e8re en RD Congo, en Ethiopie, au Burundi, au Sud Soudan, au Soudan et en Ouganda. Lisez les t\u00e9moignages de personnes vivant avec handicap qui ont obtenu de l&rsquo;aide et la possibilit\u00e9 de montrer qu&rsquo;elles sont des membres pr\u00e9cieux et essentiels de leur communaut\u00e9. &lsquo;R\u00e9tablir mes droits fonciers.&rsquo; &lsquo;Aujourd&rsquo;hui, je cultive mon propre champ sans aucune entrave, me&#8230; We Are Able! Ouganda &#8211; une r\u00e9vision par Muzamil Alli Muzamil Alli travaille pour le programme We are Able! en&#8230; Un entretien avec Agn\u00e8s, sensibilisatrice pour We are Able! en R\u00e9publique D\u00e9mocratique du Congo\u00a0 Agn\u00e8s travaille comme sensibilisatrice\u2026\" \/>\n<meta property=\"og:url\" content=\"https:\/\/weareable.ngo\/fr\/temoignages\/\" \/>\n<meta property=\"og:site_name\" content=\"We are able\" \/>\n<meta property=\"article:modified_time\" content=\"2022-05-24T10:00:08+00:00\" \/>\n<meta name=\"twitter:card\" content=\"summary_large_image\" \/>\n<meta name=\"twitter:label1\" content=\"Dur\u00e9e de lecture estim\u00e9e\" \/>\n\t<meta name=\"twitter:data1\" content=\"2 minutes\" \/>\n<script type=\"application\/ld+json\" class=\"yoast-schema-graph\">{\"@context\":\"https:\/\/schema.org\",\"@graph\":[{\"@type\":\"WebSite\",\"@id\":\"https:\/\/weareable.ngo\/#website\",\"url\":\"https:\/\/weareable.ngo\/\",\"name\":\"We are able\",\"description\":\"\",\"potentialAction\":[{\"@type\":\"SearchAction\",\"target\":{\"@type\":\"EntryPoint\",\"urlTemplate\":\"https:\/\/weareable.ngo\/?s={search_term_string}\"},\"query-input\":\"required name=search_term_string\"}],\"inLanguage\":\"fr-FR\"},{\"@type\":\"WebPage\",\"@id\":\"https:\/\/weareable.ngo\/fr\/temoignages\/#webpage\",\"url\":\"https:\/\/weareable.ngo\/fr\/temoignages\/\",\"name\":\"Temoignages - We are able\",\"isPartOf\":{\"@id\":\"https:\/\/weareable.ngo\/#website\"},\"datePublished\":\"2021-03-31T13:07:45+00:00\",\"dateModified\":\"2022-05-24T10:00:08+00:00\",\"breadcrumb\":{\"@id\":\"https:\/\/weareable.ngo\/fr\/temoignages\/#breadcrumb\"},\"inLanguage\":\"fr-FR\",\"potentialAction\":[{\"@type\":\"ReadAction\",\"target\":[\"https:\/\/weareable.ngo\/fr\/temoignages\/\"]}]},{\"@type\":\"BreadcrumbList\",\"@id\":\"https:\/\/weareable.ngo\/fr\/temoignages\/#breadcrumb\",\"itemListElement\":[{\"@type\":\"ListItem\",\"position\":1,\"name\":\"Home\",\"item\":\"https:\/\/weareable.ngo\/fr\/\"},{\"@type\":\"ListItem\",\"position\":2,\"name\":\"Temoignages\"}]}]}<\/script>\n<!-- \/ Yoast SEO plugin. -->","yoast_head_json":{"title":"Temoignages - We are able","robots":{"index":"index","follow":"follow","max-snippet":"max-snippet:-1","max-image-preview":"max-image-preview:large","max-video-preview":"max-video-preview:-1"},"canonical":"https:\/\/weareable.ngo\/fr\/temoignages\/","og_locale":"fr_FR","og_type":"article","og_title":"Temoignages - We are able","og_description":"T\u00e9moignages We are Able! op\u00e8re en RD Congo, en Ethiopie, au Burundi, au Sud Soudan, au Soudan et en Ouganda. Lisez les t\u00e9moignages de personnes vivant avec handicap qui ont obtenu de l&rsquo;aide et la possibilit\u00e9 de montrer qu&rsquo;elles sont des membres pr\u00e9cieux et essentiels de leur communaut\u00e9. &lsquo;R\u00e9tablir mes droits fonciers.&rsquo; &lsquo;Aujourd&rsquo;hui, je cultive mon propre champ sans aucune entrave, me&#8230; We Are Able! Ouganda &#8211; une r\u00e9vision par Muzamil Alli Muzamil Alli travaille pour le programme We are Able! en&#8230; Un entretien avec Agn\u00e8s, sensibilisatrice pour We are Able! en R\u00e9publique D\u00e9mocratique du Congo\u00a0 Agn\u00e8s travaille comme sensibilisatrice\u2026","og_url":"https:\/\/weareable.ngo\/fr\/temoignages\/","og_site_name":"We are able","article_modified_time":"2022-05-24T10:00:08+00:00","twitter_card":"summary_large_image","twitter_misc":{"Dur\u00e9e de lecture estim\u00e9e":"2 minutes"},"schema":{"@context":"https:\/\/schema.org","@graph":[{"@type":"WebSite","@id":"https:\/\/weareable.ngo\/#website","url":"https:\/\/weareable.ngo\/","name":"We are able","description":"","potentialAction":[{"@type":"SearchAction","target":{"@type":"EntryPoint","urlTemplate":"https:\/\/weareable.ngo\/?s={search_term_string}"},"query-input":"required name=search_term_string"}],"inLanguage":"fr-FR"},{"@type":"WebPage","@id":"https:\/\/weareable.ngo\/fr\/temoignages\/#webpage","url":"https:\/\/weareable.ngo\/fr\/temoignages\/","name":"Temoignages - We are able","isPartOf":{"@id":"https:\/\/weareable.ngo\/#website"},"datePublished":"2021-03-31T13:07:45+00:00","dateModified":"2022-05-24T10:00:08+00:00","breadcrumb":{"@id":"https:\/\/weareable.ngo\/fr\/temoignages\/#breadcrumb"},"inLanguage":"fr-FR","potentialAction":[{"@type":"ReadAction","target":["https:\/\/weareable.ngo\/fr\/temoignages\/"]}]},{"@type":"BreadcrumbList","@id":"https:\/\/weareable.ngo\/fr\/temoignages\/#breadcrumb","itemListElement":[{"@type":"ListItem","position":1,"name":"Home","item":"https:\/\/weareable.ngo\/fr\/"},{"@type":"ListItem","position":2,"name":"Temoignages"}]}]}},"_links":{"self":[{"href":"https:\/\/weareable.ngo\/fr\/wp-json\/wp\/v2\/pages\/1973"}],"collection":[{"href":"https:\/\/weareable.ngo\/fr\/wp-json\/wp\/v2\/pages"}],"about":[{"href":"https:\/\/weareable.ngo\/fr\/wp-json\/wp\/v2\/types\/page"}],"author":[{"embeddable":true,"href":"https:\/\/weareable.ngo\/fr\/wp-json\/wp\/v2\/users\/2"}],"replies":[{"embeddable":true,"href":"https:\/\/weareable.ngo\/fr\/wp-json\/wp\/v2\/comments?post=1973"}],"version-history":[{"count":5,"href":"https:\/\/weareable.ngo\/fr\/wp-json\/wp\/v2\/pages\/1973\/revisions"}],"predecessor-version":[{"id":2470,"href":"https:\/\/weareable.ngo\/fr\/wp-json\/wp\/v2\/pages\/1973\/revisions\/2470"}],"wp:attachment":[{"href":"https:\/\/weareable.ngo\/fr\/wp-json\/wp\/v2\/media?parent=1973"}],"curies":[{"name":"wp","href":"https:\/\/api.w.org\/{rel}","templated":true}]}}