{"id":1968,"date":"2021-03-30T13:34:53","date_gmt":"2021-03-30T13:34:53","guid":{"rendered":"https:\/\/weareable.ngo\/over-het-project\/"},"modified":"2022-10-12T16:48:53","modified_gmt":"2022-10-12T14:48:53","slug":"over-het-project","status":"publish","type":"page","link":"https:\/\/weareable.ngo\/fr\/over-het-project\/","title":{"rendered":"A propos du projet"},"content":{"rendered":"\n<div class=\"alignfull wp-block-ugb-container ugb-container breadcrumbs-page ugb-d52021f ugb-container--v2 ugb-container--design-basic ugb-main-block ugb-main-block--inner-center ugb--has-block-background\"><style>.ugb-d52021f-wrapper.ugb-container__wrapper{border-radius:0px !important;background-color:rgba(255,255,255,0) !important}.ugb-d52021f.ugb-container{background-color:rgba(,,,0)}.ugb-d52021f{padding:0 !important}.ugb-d52021f.ugb-container:before{background-color:var(--paletteColor5,#ffffff)}@media screen and (min-width:768px){.ugb-d52021f-content-wrapper.ugb-container__content-wrapper{width:100% !important}.ugb-d52021f.ugb-container{margin-top:0px !important;margin-bottom:0px !important;padding-top:30px !important;padding-right:35px !important;padding-bottom:0px !important;padding-left:35px !important}}@media screen and (min-width:768px) and (max-width:1025px){.ugb-d52021f-content-wrapper.ugb-container__content-wrapper{width:100% !important}.ugb-d52021f.ugb-container{margin-top:30px !important}}@media screen and (max-width:768px){.ugb-d52021f-content-wrapper.ugb-container__content-wrapper{width:100% !important}.ugb-d52021f.ugb-container{margin-top:30px !important}}@media screen and (min-width:768px){.ugb-d52021f > .ugb-inner-block > .ugb-block-content > *{padding-top:0px !important;padding-bottom:0px !important;padding-right:0px !important;padding-left:0px !important}}@media screen and (min-width:768px) and (max-width:1025px){.ugb-d52021f > .ugb-inner-block > .ugb-block-content > *{padding-top:0px !important;padding-right:0px !important;padding-bottom:0px !important;padding-left:0px !important}}@media screen and (max-width:768px){.ugb-d52021f > .ugb-inner-block > .ugb-block-content > *{padding-top:0px !important;padding-right:0px !important;padding-bottom:0px !important;padding-left:0px !important}}<\/style><div class=\"ugb-inner-block ugb-inner-block--center\"><div class=\"ugb-block-content\"><div class=\"ugb-container__wrapper ugb-d52021f-wrapper ugb--shadow-0\"><div class=\"ugb-container__side\"><div class=\"ugb-container__content-wrapper ugb-d52021f-content-wrapper\">\n<span><span><a href=\"https:\/\/weareable.ngo\/fr\/\">Home<\/a><\/span>\n\n<\/div><\/div><\/div><\/div><\/div><\/div>\n\n\n\n<div class=\"alignfull wp-block-ugb-columns ugb-columns ugb-ed6f6b2 ugb-columns--design-plain ugb-columns--columns-2 ugb-main-block ugb-main-block--inner-center ugb--has-block-background ugb--has-background-overlay\"><style>.ugb-ed6f6b2 > .ugb-inner-block > .ugb-block-content > .ugb-columns__item{grid-template-columns:0.80fr 1.20fr !important}.ugb-ed6f6b2.ugb-columns{background-color:var(--paletteColor5,#f5f4f5)}.ugb-ed6f6b2.ugb-columns:before{background-image:linear-gradient(90deg,var(--paletteColor5,#f5f4f5) 35%,#ffffff 35%);mix-blend-mode:unset}@media screen and (min-width:768px){.ugb-ed6f6b2.ugb-columns{margin-top:50px !important;padding-right:35px !important;padding-left:35px !important}}@media screen and (min-width:768px) and (max-width:1025px){.ugb-ed6f6b2.ugb-columns{padding-top:20px !important;padding-right:30px !important;padding-bottom:20px !important;padding-left:30px !important}}@media screen and (max-width:768px){.ugb-ed6f6b2.ugb-columns{padding-top:30px !important;padding-right:18px !important;padding-bottom:10px !important;padding-left:18px !important}}<\/style><div class=\"ugb-inner-block ugb-inner-block--center\"><div class=\"ugb-block-content\"><div class=\"ugb-columns__item ugb-ed6f6b2-content-wrapper\">\n<div class=\"wp-block-ugb-column ugb-column ugb-087c499 ugb-column--design-basic ugb-main-block\"><style>.ugb-087c499-column-wrapper{border-radius:0px !important;background-image:url(https:\/\/weareable.ngo\/wp-content\/uploads\/2021\/07\/Ethiopie.jpg)}.ugb-087c499-column-wrapper:before{opacity:0.5}.ugb-087c499.ugb-column{min-height:350px}@media screen and (-ms-high-contrast:active),screen and (-ms-high-contrast:none){.ugb-087c499.ugb-column{height:350px}}@media screen and (min-width:768px){.ugb-087c499 > .ugb-inner-block > .ugb-block-content > *{padding-top:0px !important;padding-bottom:0px !important;padding-right:0px !important;padding-left:0px !important}}<\/style><div class=\"ugb-inner-block\"><div class=\"ugb-block-content\"><div class=\"ugb-column__item ugb-087c499-column-wrapper ugb--has-background-overlay\"><div class=\"ugb-column__content-wrapper\"><\/div><\/div><\/div><\/div><\/div>\n\n\n\n<div class=\"wp-block-ugb-column ugb-column ugb-c88f2fd ugb-column--design-plain ugb-main-block\"><style>@media screen and (min-width:768px){.ugb-c88f2fd > .ugb-inner-block > .ugb-block-content > *{padding-top:30px !important;padding-bottom:30px !important;padding-left:75px !important}}@media screen and (min-width:768px) and (max-width:1025px){.ugb-c88f2fd > .ugb-inner-block > .ugb-block-content > *{padding-top:0px !important;padding-right:0px !important;padding-bottom:0px !important;padding-left:0px !important}}<\/style><div class=\"ugb-inner-block\"><div class=\"ugb-block-content\"><div class=\"ugb-column__item ugb-c88f2fd-column-wrapper\"><div class=\"ugb-column__content-wrapper\">\n<div class=\"wp-block-ugb-heading ugb-heading ugb-553615a ugb-main-block\"><style>.ugb-553615a .ugb-heading__title{text-transform:none !important;text-align:left;margin-bottom:15px !important}.ugb-553615a .ugb-heading__bottom-line{background-color:var(--paletteColor4,#27a484) !important;height:2px !important;width:74px !important;margin-left:0 !important;margin-right:auto !important}.ugb-553615a .ugb-inner-block{text-align:left}<\/style><div class=\"ugb-inner-block\"><div class=\"ugb-block-content\"><h1 class=\"ugb-heading__title\">A propos du projet We are Able!<\/h1><div class=\"ugb-heading__bottom-line\"><\/div><\/div><\/div><\/div>\n\n\n\n<p>We are Able! est un programme quinquennal qui aide les personnes vivant avec handicap \u00e0 occuper une place durable et \u00e0 part enti\u00e8re dans leur communaut\u00e9, afin qu&rsquo;elles b\u00e9n\u00e9ficient d&rsquo;une plus grande s\u00e9curit\u00e9 alimentaire. Le projet devrait se d\u00e9rouler de 2021 \u00e0 2026.<\/p>\n\n\n\n<h3>Qui est We are Able!<\/h3>\n\n\n\n<p class=\"underlined\">Six organisations travaillent ensemble: <a href=\"https:\/\/www.zoa-international.com\/\" target=\"_blank\" rel=\"noreferrer noopener\">ZOA (zoa-international.com)<\/a>, <a href=\"https:\/\/africandisabilityforum.net\/\" target=\"_blank\" rel=\"noreferrer noopener\">African Disability Forum<\/a>, <a href=\"https:\/\/www.seeyoufoundation.nl\/en\/\" target=\"_blank\" rel=\"noreferrer noopener\">SeeYou (seeyoufoundation.nl)<\/a>, <a href=\"https:\/\/www.vng-international.nl\/\" target=\"_blank\" rel=\"noreferrer noopener\">VNG International<\/a>, <a href=\"https:\/\/thehagueacademy.com\/\" target=\"_blank\" rel=\"noreferrer noopener\">The Hague Academy for Local Governance <\/a>and <a href=\"https:\/\/www.leprosymission.org\/\" target=\"_blank\" rel=\"noreferrer noopener\">Leprosy Mission International<\/a>.<\/p>\n\n\n\n<h3>O\u00f9 op\u00e8re We are Able!<\/h3>\n\n\n\n<p>We are Able! op\u00e8re en RD Congo, en Ethiopie, au Burundi, au Sud Soudan, au Soudan et en Ouganda.<\/p>\n\n\n\n<h3>Pourquoi We are Able! a \u00e9t\u00e9 cr\u00e9\u00e9<\/h3>\n\n\n\n<p>Nous nous concentrons sur les personnes vivant avec handicap qui n&rsquo;ont pas acc\u00e8s aux services de base, les personnes exclues. Nous cherchons \u00e0 renforcer leur voix et leur r\u00e9silience, afin qu&rsquo;elles puissent se d\u00e9fendre. Nous les impliquons dans la l\u00e9gislation et la politique, et nous travaillons avec les organisations locales et celles des personnes vivant avec handicap (OPH). Pour promouvoir le dialogue entre les personnes vivant avec handicap et les autorit\u00e9s, nous travaillons avec les autorit\u00e9s formelles et informelles au niveau national et international.<\/p>\n\n\n\n<h3>Apprendre de l&rsquo;exp\u00e9rience<\/h3>\n\n\n\n<p>Nous nous mettons en relation avec des initiatives aux Pays-Bas pour apprendre de leurs exp\u00e9riences. En outre, toutes les organisations d\u00e9ploient leur propre expertise. Elles renforcent les capacit\u00e9s des organisations de personnes vivant avec handicap, des conseillers locaux en mati\u00e8re d&rsquo;inclusion et des groupes de d\u00e9fense. Les organisations r\u00e9alisent le projet en collaboration avec leurs partenaires habituels et l&rsquo;Enablement.<\/p>\n\n\n\n<h3>Les financements de We are Able!<\/h3>\n\n\n\n<p>Le projet, qui a \u00e9t\u00e9 lanc\u00e9 en 2021, est financ\u00e9 par le Minist\u00e8re N\u00e9erlandais des affaires \u00e9trang\u00e8res dans le cadre des partenariats Power of Voices pour le renforcement de la soci\u00e9t\u00e9 civile.\u00a0<\/p>\n\n\n\n<div class=\"wp-block-ugb-button ugb-button-wrapper ugb-7c48cc7 ugb-main-block\"><style>.ugb-7c48cc7 .ugb-block-content{justify-content:flex-start !important}.ugb-7c48cc7 .ugb-button1 .ugb-button--inner{font-size:16px !important;font-weight:normal !important}.ugb-7c48cc7 .ugb-button1{background-color:var(--paletteColor1,#f25579);padding-top:12px;padding-right:35px;padding-bottom:12px;padding-left:35px;border-radius:4px !important}.ugb-7c48cc7 .ugb-button1 .ugb-button--inner,.ugb-7c48cc7 .ugb-button1 svg:not(.ugb-custom-icon){color:var(--paletteColor5,#ffffff) !important}.ugb-7c48cc7 .ugb-button1:before{border-radius:4px !important}.ugb-7c48cc7 .ugb-inner-block{text-align:left}@media screen and (min-width:768px){.ugb-7c48cc7.ugb-button-wrapper{margin-bottom:0px !important}}<\/style><div class=\"ugb-inner-block\"><div class=\"ugb-block-content\"><div class=\"ugb-button-container\"><a class=\"ugb-button1 ugb-button ugb-button--size-normal ugb--hover-effect-scale\" href=\"https:\/\/weareable.ngo\/fr\/contact\/\" rel=\"\" title=\"\"><span class=\"ugb-button--inner\">Entrer en contact<\/span><\/a><\/div><\/div><\/div><\/div>\n<\/div><\/div><\/div><\/div><\/div>\n<\/div><\/div><\/div><\/div>\n","protected":false},"excerpt":{"rendered":"<p>A propos du projet We are Able! We are Able! est un programme quinquennal qui aide les personnes vivant avec handicap \u00e0 occuper une place durable et \u00e0 part enti\u00e8re dans leur communaut\u00e9, afin qu&rsquo;elles b\u00e9n\u00e9ficient d&rsquo;une plus grande s\u00e9curit\u00e9 alimentaire. Le projet devrait se d\u00e9rouler de 2021 \u00e0 2026. Qui est We are Able! Six organisations travaillent ensemble: ZOA (zoa-international.com), African Disability Forum, SeeYou (seeyoufoundation.nl), VNG International, The Hague Academy for Local Governance and Leprosy Mission International. O\u00f9 op\u00e8re We are Able! We are Able! op\u00e8re en RD Congo, en Ethiopie, au Burundi, au Sud Soudan, au Soudan et\u2026<\/p>\n","protected":false},"author":2,"featured_media":0,"parent":0,"menu_order":0,"comment_status":"closed","ping_status":"closed","template":"","meta":[],"blocksy_meta":{"styles_descriptor":{"styles":{"desktop":"","tablet":"","mobile":""},"google_fonts":[],"version":5}},"acf":[],"featured_image_urls":{"full":"","thumbnail":"","medium":"","medium_large":"","large":"","1536x1536":"","2048x2048":""},"post_excerpt_stackable":"<p>Home A propos du projet We are Able! We are Able! est un programme quinquennal qui aide les personnes vivant avec handicap \u00e0 occuper une place durable et \u00e0 part enti\u00e8re dans leur communaut\u00e9, afin qu&rsquo;elles b\u00e9n\u00e9ficient d&rsquo;une plus grande s\u00e9curit\u00e9 alimentaire. Le projet devrait se d\u00e9rouler de 2021 \u00e0 2026. Qui est We are Able! Six organisations travaillent ensemble: ZOA (zoa-international.com), African Disability Forum, SeeYou (seeyoufoundation.nl), VNG International, The Hague Academy for Local Governance and Leprosy Mission International. O\u00f9 op\u00e8re We are Able! We are Able! op\u00e8re en RD Congo, en Ethiopie, au Burundi, au Sud Soudan, au Soudan\u2026<\/p>\n","category_list":"","author_info":{"name":"spikker","url":"https:\/\/weareable.ngo\/fr\/author\/spikker\/"},"comments_num":"0 commentaire","featured_image_urls_v2":{"full":"","thumbnail":"","medium":"","medium_large":"","large":"","1536x1536":"","2048x2048":""},"post_excerpt_stackable_v2":"<p>Home A propos du projet We are Able! We are Able! est un programme quinquennal qui aide les personnes vivant avec handicap \u00e0 occuper une place durable et \u00e0 part enti\u00e8re dans leur communaut\u00e9, afin qu&rsquo;elles b\u00e9n\u00e9ficient d&rsquo;une plus grande s\u00e9curit\u00e9 alimentaire. Le projet devrait se d\u00e9rouler de 2021 \u00e0 2026. Qui est We are Able! Six organisations travaillent ensemble: ZOA (zoa-international.com), African Disability Forum, SeeYou (seeyoufoundation.nl), VNG International, The Hague Academy for Local Governance and Leprosy Mission International. O\u00f9 op\u00e8re We are Able! We are Able! op\u00e8re en RD Congo, en Ethiopie, au Burundi, au Sud Soudan, au Soudan\u2026<\/p>\n","category_list_v2":"","author_info_v2":{"name":"spikker","url":"https:\/\/weareable.ngo\/fr\/author\/spikker\/"},"comments_num_v2":"0 commentaire","yoast_head":"<!-- This site is optimized with the Yoast SEO plugin v19.1 - https:\/\/yoast.com\/wordpress\/plugins\/seo\/ -->\n<title>A propos du projet - We are able<\/title>\n<meta name=\"description\" content=\"We are Able! is een vijfjarig programma, waarin mensen met een handicap duurzaam op weg worden geholpen naar een volwaardige plek in hun samenleving, zodat zij meer voedselzekerheid hebben.\" \/>\n<meta name=\"robots\" content=\"index, follow, max-snippet:-1, max-image-preview:large, max-video-preview:-1\" \/>\n<link rel=\"canonical\" href=\"https:\/\/weareable.ngo\/fr\/over-het-project\/\" \/>\n<meta property=\"og:locale\" content=\"fr_FR\" \/>\n<meta property=\"og:type\" content=\"article\" \/>\n<meta property=\"og:title\" content=\"A propos du projet - We are able\" \/>\n<meta property=\"og:description\" content=\"We are Able! is een vijfjarig programma, waarin mensen met een handicap duurzaam op weg worden geholpen naar een volwaardige plek in hun samenleving, zodat zij meer voedselzekerheid hebben.\" \/>\n<meta property=\"og:url\" content=\"https:\/\/weareable.ngo\/fr\/over-het-project\/\" \/>\n<meta property=\"og:site_name\" content=\"We are able\" \/>\n<meta property=\"article:modified_time\" content=\"2022-10-12T14:48:53+00:00\" \/>\n<meta name=\"twitter:card\" content=\"summary_large_image\" \/>\n<meta name=\"twitter:label1\" content=\"Dur\u00e9e de lecture estim\u00e9e\" \/>\n\t<meta name=\"twitter:data1\" content=\"2 minutes\" \/>\n<script type=\"application\/ld+json\" class=\"yoast-schema-graph\">{\"@context\":\"https:\/\/schema.org\",\"@graph\":[{\"@type\":\"WebSite\",\"@id\":\"https:\/\/weareable.ngo\/#website\",\"url\":\"https:\/\/weareable.ngo\/\",\"name\":\"We are able\",\"description\":\"\",\"potentialAction\":[{\"@type\":\"SearchAction\",\"target\":{\"@type\":\"EntryPoint\",\"urlTemplate\":\"https:\/\/weareable.ngo\/?s={search_term_string}\"},\"query-input\":\"required name=search_term_string\"}],\"inLanguage\":\"fr-FR\"},{\"@type\":\"WebPage\",\"@id\":\"https:\/\/weareable.ngo\/fr\/over-het-project\/#webpage\",\"url\":\"https:\/\/weareable.ngo\/fr\/over-het-project\/\",\"name\":\"A propos du projet - We are able\",\"isPartOf\":{\"@id\":\"https:\/\/weareable.ngo\/#website\"},\"datePublished\":\"2021-03-30T13:34:53+00:00\",\"dateModified\":\"2022-10-12T14:48:53+00:00\",\"description\":\"We are Able! is een vijfjarig programma, waarin mensen met een handicap duurzaam op weg worden geholpen naar een volwaardige plek in hun samenleving, zodat zij meer voedselzekerheid hebben.\",\"breadcrumb\":{\"@id\":\"https:\/\/weareable.ngo\/fr\/over-het-project\/#breadcrumb\"},\"inLanguage\":\"fr-FR\",\"potentialAction\":[{\"@type\":\"ReadAction\",\"target\":[\"https:\/\/weareable.ngo\/fr\/over-het-project\/\"]}]},{\"@type\":\"BreadcrumbList\",\"@id\":\"https:\/\/weareable.ngo\/fr\/over-het-project\/#breadcrumb\",\"itemListElement\":[{\"@type\":\"ListItem\",\"position\":1,\"name\":\"Home\",\"item\":\"https:\/\/weareable.ngo\/fr\/\"},{\"@type\":\"ListItem\",\"position\":2,\"name\":\"A propos du projet\"}]}]}<\/script>\n<!-- \/ Yoast SEO plugin. -->","yoast_head_json":{"title":"A propos du projet - We are able","description":"We are Able! is een vijfjarig programma, waarin mensen met een handicap duurzaam op weg worden geholpen naar een volwaardige plek in hun samenleving, zodat zij meer voedselzekerheid hebben.","robots":{"index":"index","follow":"follow","max-snippet":"max-snippet:-1","max-image-preview":"max-image-preview:large","max-video-preview":"max-video-preview:-1"},"canonical":"https:\/\/weareable.ngo\/fr\/over-het-project\/","og_locale":"fr_FR","og_type":"article","og_title":"A propos du projet - We are able","og_description":"We are Able! is een vijfjarig programma, waarin mensen met een handicap duurzaam op weg worden geholpen naar een volwaardige plek in hun samenleving, zodat zij meer voedselzekerheid hebben.","og_url":"https:\/\/weareable.ngo\/fr\/over-het-project\/","og_site_name":"We are able","article_modified_time":"2022-10-12T14:48:53+00:00","twitter_card":"summary_large_image","twitter_misc":{"Dur\u00e9e de lecture estim\u00e9e":"2 minutes"},"schema":{"@context":"https:\/\/schema.org","@graph":[{"@type":"WebSite","@id":"https:\/\/weareable.ngo\/#website","url":"https:\/\/weareable.ngo\/","name":"We are able","description":"","potentialAction":[{"@type":"SearchAction","target":{"@type":"EntryPoint","urlTemplate":"https:\/\/weareable.ngo\/?s={search_term_string}"},"query-input":"required name=search_term_string"}],"inLanguage":"fr-FR"},{"@type":"WebPage","@id":"https:\/\/weareable.ngo\/fr\/over-het-project\/#webpage","url":"https:\/\/weareable.ngo\/fr\/over-het-project\/","name":"A propos du projet - We are able","isPartOf":{"@id":"https:\/\/weareable.ngo\/#website"},"datePublished":"2021-03-30T13:34:53+00:00","dateModified":"2022-10-12T14:48:53+00:00","description":"We are Able! is een vijfjarig programma, waarin mensen met een handicap duurzaam op weg worden geholpen naar een volwaardige plek in hun samenleving, zodat zij meer voedselzekerheid hebben.","breadcrumb":{"@id":"https:\/\/weareable.ngo\/fr\/over-het-project\/#breadcrumb"},"inLanguage":"fr-FR","potentialAction":[{"@type":"ReadAction","target":["https:\/\/weareable.ngo\/fr\/over-het-project\/"]}]},{"@type":"BreadcrumbList","@id":"https:\/\/weareable.ngo\/fr\/over-het-project\/#breadcrumb","itemListElement":[{"@type":"ListItem","position":1,"name":"Home","item":"https:\/\/weareable.ngo\/fr\/"},{"@type":"ListItem","position":2,"name":"A propos du projet"}]}]}},"_links":{"self":[{"href":"https:\/\/weareable.ngo\/fr\/wp-json\/wp\/v2\/pages\/1968"}],"collection":[{"href":"https:\/\/weareable.ngo\/fr\/wp-json\/wp\/v2\/pages"}],"about":[{"href":"https:\/\/weareable.ngo\/fr\/wp-json\/wp\/v2\/types\/page"}],"author":[{"embeddable":true,"href":"https:\/\/weareable.ngo\/fr\/wp-json\/wp\/v2\/users\/2"}],"replies":[{"embeddable":true,"href":"https:\/\/weareable.ngo\/fr\/wp-json\/wp\/v2\/comments?post=1968"}],"version-history":[{"count":6,"href":"https:\/\/weareable.ngo\/fr\/wp-json\/wp\/v2\/pages\/1968\/revisions"}],"predecessor-version":[{"id":2769,"href":"https:\/\/weareable.ngo\/fr\/wp-json\/wp\/v2\/pages\/1968\/revisions\/2769"}],"wp:attachment":[{"href":"https:\/\/weareable.ngo\/fr\/wp-json\/wp\/v2\/media?parent=1968"}],"curies":[{"name":"wp","href":"https:\/\/api.w.org\/{rel}","templated":true}]}}